{"id":70,"date":"2017-03-24T10:41:43","date_gmt":"2017-03-24T10:41:43","guid":{"rendered":"http:\/\/physiotherapie-pt.de\/?page_id=70"},"modified":"2025-12-01T09:55:56","modified_gmt":"2025-12-01T09:55:56","slug":"physikalische-therapien","status":"publish","type":"page","link":"http:\/\/physiotherapie-pt.de\/?page_id=70","title":{"rendered":"physikalische Therapien"},"content":{"rendered":"<p><img loading=\"lazy\" decoding=\"async\" class=\"aligncenter size-full wp-image-165\" src=\"http:\/\/physiotherapie-pt.de\/wp-content\/uploads\/2017\/03\/massage-1.jpg\" alt=\"unsere physikalische therapien\" width=\"1400\" height=\"450\" srcset=\"http:\/\/physiotherapie-pt.de\/wp-content\/uploads\/2017\/03\/massage-1.jpg 1400w, http:\/\/physiotherapie-pt.de\/wp-content\/uploads\/2017\/03\/massage-1-300x96.jpg 300w, http:\/\/physiotherapie-pt.de\/wp-content\/uploads\/2017\/03\/massage-1-768x247.jpg 768w, http:\/\/physiotherapie-pt.de\/wp-content\/uploads\/2017\/03\/massage-1-1024x329.jpg 1024w\" sizes=\"auto, (max-width: 1400px) 100vw, 1400px\" \/><\/p>\n<h2><strong>Unsere physikalischen Therapien f\u00fcr Sie<\/strong><\/h2>\n<ul>\n<li>Bindegewebsmassage BGM<\/li>\n<li>Fango<\/li>\n<li>K\u00e4ltetherapie<\/li>\n<li>Hei\u00dfluftger\u00e4t\/ Hei\u00dfe Rolle<\/li>\n<\/ul>\n\n\n<p><\/p>\n","protected":false},"excerpt":{"rendered":"<p>Unsere physikalischen Therapien f\u00fcr Sie Bindegewebsmassage BGM Fango K\u00e4ltetherapie Hei\u00dfluftger\u00e4t\/ Hei\u00dfe Rolle<\/p>\n","protected":false},"author":2,"featured_media":0,"parent":0,"menu_order":0,"comment_status":"closed","ping_status":"closed","template":"","meta":{"footnotes":""},"class_list":["post-70","page","type-page","status-publish","hentry"],"yoast_head":"<!-- This site is optimized with the Yoast SEO plugin v23.4 - https:\/\/yoast.com\/wordpress\/plugins\/seo\/ -->\n<title>physikalische Therapien - p.t - Praxis f\u00fcr Physiotherapie und medizinische Trainingstherapie<\/title>\n<meta name=\"description\" content=\"Unsere physikalischen Therapien: Bindegewebsmassage, Fango, K\u00e4lte- und Elektrotherapie, Ultraschall, Schlingentisch, med. Trainingstherapie an Ger\u00e4ten MTT\" \/>\n<meta name=\"robots\" content=\"index, follow, max-snippet:-1, max-image-preview:large, max-video-preview:-1\" \/>\n<link rel=\"canonical\" href=\"http:\/\/physiotherapie-pt.de\/?page_id=70\" \/>\n<meta property=\"og:locale\" content=\"de_DE\" \/>\n<meta property=\"og:type\" content=\"article\" \/>\n<meta property=\"og:title\" content=\"physikalische Therapien - p.t - Praxis f\u00fcr Physiotherapie und medizinische Trainingstherapie\" \/>\n<meta property=\"og:description\" content=\"Unsere physikalischen Therapien: Bindegewebsmassage, Fango, K\u00e4lte- und Elektrotherapie, Ultraschall, Schlingentisch, med. Trainingstherapie an Ger\u00e4ten MTT\" \/>\n<meta property=\"og:url\" content=\"http:\/\/physiotherapie-pt.de\/?page_id=70\" \/>\n<meta property=\"og:site_name\" content=\"p.t - Praxis f\u00fcr Physiotherapie und medizinische Trainingstherapie\" \/>\n<meta property=\"article:modified_time\" content=\"2025-12-01T09:55:56+00:00\" \/>\n<meta property=\"og:image\" content=\"http:\/\/physiotherapie-pt.de\/wp-content\/uploads\/2017\/03\/massage-1.jpg\" \/>\n<meta name=\"twitter:card\" content=\"summary_large_image\" \/>\n<meta name=\"twitter:label1\" content=\"Gesch\u00e4tzte Lesezeit\" \/>\n\t<meta name=\"twitter:data1\" content=\"1\u00a0Minute\" \/>\n<script type=\"application\/ld+json\" class=\"yoast-schema-graph\">{\"@context\":\"https:\/\/schema.org\",\"@graph\":[{\"@type\":\"WebPage\",\"@id\":\"http:\/\/physiotherapie-pt.de\/?page_id=70\",\"url\":\"http:\/\/physiotherapie-pt.de\/?page_id=70\",\"name\":\"physikalische Therapien - p.t - Praxis f\u00fcr Physiotherapie und medizinische Trainingstherapie\",\"isPartOf\":{\"@id\":\"http:\/\/physiotherapie-pt.de\/#website\"},\"primaryImageOfPage\":{\"@id\":\"http:\/\/physiotherapie-pt.de\/?page_id=70#primaryimage\"},\"image\":{\"@id\":\"http:\/\/physiotherapie-pt.de\/?page_id=70#primaryimage\"},\"thumbnailUrl\":\"http:\/\/physiotherapie-pt.de\/wp-content\/uploads\/2017\/03\/massage-1.jpg\",\"datePublished\":\"2017-03-24T10:41:43+00:00\",\"dateModified\":\"2025-12-01T09:55:56+00:00\",\"description\":\"Unsere physikalischen Therapien: Bindegewebsmassage, Fango, K\u00e4lte- und Elektrotherapie, Ultraschall, Schlingentisch, med. Trainingstherapie an Ger\u00e4ten MTT\",\"breadcrumb\":{\"@id\":\"http:\/\/physiotherapie-pt.de\/?page_id=70#breadcrumb\"},\"inLanguage\":\"de\",\"potentialAction\":[{\"@type\":\"ReadAction\",\"target\":[\"http:\/\/physiotherapie-pt.de\/?page_id=70\"]}]},{\"@type\":\"ImageObject\",\"inLanguage\":\"de\",\"@id\":\"http:\/\/physiotherapie-pt.de\/?page_id=70#primaryimage\",\"url\":\"http:\/\/physiotherapie-pt.de\/wp-content\/uploads\/2017\/03\/massage-1.jpg\",\"contentUrl\":\"http:\/\/physiotherapie-pt.de\/wp-content\/uploads\/2017\/03\/massage-1.jpg\",\"width\":1400,\"height\":450},{\"@type\":\"BreadcrumbList\",\"@id\":\"http:\/\/physiotherapie-pt.de\/?page_id=70#breadcrumb\",\"itemListElement\":[{\"@type\":\"ListItem\",\"position\":1,\"name\":\"Startseite\",\"item\":\"http:\/\/physiotherapie-pt.de\/\"},{\"@type\":\"ListItem\",\"position\":2,\"name\":\"physikalische Therapien\"}]},{\"@type\":\"WebSite\",\"@id\":\"http:\/\/physiotherapie-pt.de\/#website\",\"url\":\"http:\/\/physiotherapie-pt.de\/\",\"name\":\"p.t - Praxis f\u00fcr Physiotherapie und medizinische Trainingstherapie\",\"description\":\"Felix Hoops\",\"potentialAction\":[{\"@type\":\"SearchAction\",\"target\":{\"@type\":\"EntryPoint\",\"urlTemplate\":\"http:\/\/physiotherapie-pt.de\/?s={search_term_string}\"},\"query-input\":{\"@type\":\"PropertyValueSpecification\",\"valueRequired\":true,\"valueName\":\"search_term_string\"}}],\"inLanguage\":\"de\"}]}<\/script>\n<!-- \/ Yoast SEO plugin. -->","yoast_head_json":{"title":"physikalische Therapien - p.t - Praxis f\u00fcr Physiotherapie und medizinische Trainingstherapie","description":"Unsere physikalischen Therapien: Bindegewebsmassage, Fango, K\u00e4lte- und Elektrotherapie, Ultraschall, Schlingentisch, med. Trainingstherapie an Ger\u00e4ten MTT","robots":{"index":"index","follow":"follow","max-snippet":"max-snippet:-1","max-image-preview":"max-image-preview:large","max-video-preview":"max-video-preview:-1"},"canonical":"http:\/\/physiotherapie-pt.de\/?page_id=70","og_locale":"de_DE","og_type":"article","og_title":"physikalische Therapien - p.t - Praxis f\u00fcr Physiotherapie und medizinische Trainingstherapie","og_description":"Unsere physikalischen Therapien: Bindegewebsmassage, Fango, K\u00e4lte- und Elektrotherapie, Ultraschall, Schlingentisch, med. Trainingstherapie an Ger\u00e4ten MTT","og_url":"http:\/\/physiotherapie-pt.de\/?page_id=70","og_site_name":"p.t - Praxis f\u00fcr Physiotherapie und medizinische Trainingstherapie","article_modified_time":"2025-12-01T09:55:56+00:00","og_image":[{"url":"http:\/\/physiotherapie-pt.de\/wp-content\/uploads\/2017\/03\/massage-1.jpg"}],"twitter_card":"summary_large_image","twitter_misc":{"Gesch\u00e4tzte Lesezeit":"1\u00a0Minute"},"schema":{"@context":"https:\/\/schema.org","@graph":[{"@type":"WebPage","@id":"http:\/\/physiotherapie-pt.de\/?page_id=70","url":"http:\/\/physiotherapie-pt.de\/?page_id=70","name":"physikalische Therapien - p.t - Praxis f\u00fcr Physiotherapie und medizinische Trainingstherapie","isPartOf":{"@id":"http:\/\/physiotherapie-pt.de\/#website"},"primaryImageOfPage":{"@id":"http:\/\/physiotherapie-pt.de\/?page_id=70#primaryimage"},"image":{"@id":"http:\/\/physiotherapie-pt.de\/?page_id=70#primaryimage"},"thumbnailUrl":"http:\/\/physiotherapie-pt.de\/wp-content\/uploads\/2017\/03\/massage-1.jpg","datePublished":"2017-03-24T10:41:43+00:00","dateModified":"2025-12-01T09:55:56+00:00","description":"Unsere physikalischen Therapien: Bindegewebsmassage, Fango, K\u00e4lte- und Elektrotherapie, Ultraschall, Schlingentisch, med. Trainingstherapie an Ger\u00e4ten MTT","breadcrumb":{"@id":"http:\/\/physiotherapie-pt.de\/?page_id=70#breadcrumb"},"inLanguage":"de","potentialAction":[{"@type":"ReadAction","target":["http:\/\/physiotherapie-pt.de\/?page_id=70"]}]},{"@type":"ImageObject","inLanguage":"de","@id":"http:\/\/physiotherapie-pt.de\/?page_id=70#primaryimage","url":"http:\/\/physiotherapie-pt.de\/wp-content\/uploads\/2017\/03\/massage-1.jpg","contentUrl":"http:\/\/physiotherapie-pt.de\/wp-content\/uploads\/2017\/03\/massage-1.jpg","width":1400,"height":450},{"@type":"BreadcrumbList","@id":"http:\/\/physiotherapie-pt.de\/?page_id=70#breadcrumb","itemListElement":[{"@type":"ListItem","position":1,"name":"Startseite","item":"http:\/\/physiotherapie-pt.de\/"},{"@type":"ListItem","position":2,"name":"physikalische Therapien"}]},{"@type":"WebSite","@id":"http:\/\/physiotherapie-pt.de\/#website","url":"http:\/\/physiotherapie-pt.de\/","name":"p.t - Praxis f\u00fcr Physiotherapie und medizinische Trainingstherapie","description":"Felix Hoops","potentialAction":[{"@type":"SearchAction","target":{"@type":"EntryPoint","urlTemplate":"http:\/\/physiotherapie-pt.de\/?s={search_term_string}"},"query-input":{"@type":"PropertyValueSpecification","valueRequired":true,"valueName":"search_term_string"}}],"inLanguage":"de"}]}},"_links":{"self":[{"href":"http:\/\/physiotherapie-pt.de\/index.php?rest_route=\/wp\/v2\/pages\/70","targetHints":{"allow":["GET"]}}],"collection":[{"href":"http:\/\/physiotherapie-pt.de\/index.php?rest_route=\/wp\/v2\/pages"}],"about":[{"href":"http:\/\/physiotherapie-pt.de\/index.php?rest_route=\/wp\/v2\/types\/page"}],"author":[{"embeddable":true,"href":"http:\/\/physiotherapie-pt.de\/index.php?rest_route=\/wp\/v2\/users\/2"}],"replies":[{"embeddable":true,"href":"http:\/\/physiotherapie-pt.de\/index.php?rest_route=%2Fwp%2Fv2%2Fcomments&post=70"}],"version-history":[{"count":10,"href":"http:\/\/physiotherapie-pt.de\/index.php?rest_route=\/wp\/v2\/pages\/70\/revisions"}],"predecessor-version":[{"id":520,"href":"http:\/\/physiotherapie-pt.de\/index.php?rest_route=\/wp\/v2\/pages\/70\/revisions\/520"}],"wp:attachment":[{"href":"http:\/\/physiotherapie-pt.de\/index.php?rest_route=%2Fwp%2Fv2%2Fmedia&parent=70"}],"curies":[{"name":"wp","href":"https:\/\/api.w.org\/{rel}","templated":true}]}}